{"id":3073,"date":"2022-03-04T13:32:52","date_gmt":"2022-03-04T13:32:52","guid":{"rendered":"https:\/\/vanloggem.ch\/?page_id=3073"},"modified":"2025-05-05T07:55:00","modified_gmt":"2025-05-05T07:55:00","slug":"notre-engagement","status":"publish","type":"page","link":"https:\/\/vanloggem.ch\/fr\/notre-engagement\/","title":{"rendered":"Notre Engagement"},"content":{"rendered":"<div class=\"fusion-fullwidth fullwidth-box fusion-builder-row-1 nonhundred-percent-fullwidth non-hundred-percent-height-scrolling fusion-equal-height-columns\"  style='background-color: #ffffff;background-position: left top;background-repeat: no-repeat;padding-top:0px;padding-right:0px;padding-bottom:0px;padding-left:0px;border-top-width:0px;border-bottom-width:0px;border-color:#eae9e9;border-top-style:solid;border-bottom-style:solid;'><div class=\"fusion-builder-row fusion-row \"><div  class=\"fusion-layout-column fusion_builder_column fusion_builder_column_1_1 fusion-builder-column-0 fusion-one-full fusion-column-first fusion-column-last 1_1\"  style='margin-top:0px;margin-bottom:0px;'><div class=\"fusion-column-wrapper\" style=\"padding: 6% 20px 6% 20px;background-position:center center;background-repeat:no-repeat;-webkit-background-size:cover;-moz-background-size:cover;-o-background-size:cover;background-size:cover;\"   data-bg-url=\"\"><div class=\"fusion-builder-row fusion-builder-row-inner fusion-row \"><div  data-animationType=fadeInUp data-animationDuration=0.6 data-animationOffset=100% class=\"fusion-layout-column fusion_builder_column fusion_builder_column_1_1 fusion-builder-nested-column-1 fusion-one-full fusion-column-first fusion-column-last fusion-animated 1_1\"  style='margin-top: 0px;margin-bottom: 0px;'>\n\t\t\t\t\t<div class=\"fusion-column-wrapper fusion-column-wrapper-1\" style=\"padding: 0px 0px 0px 0px;background-position:left top;background-repeat:no-repeat;-webkit-background-size:cover;-moz-background-size:cover;-o-background-size:cover;background-size:cover;\" data-bg-url=\"\">\n\t\t\t\t\t\t<style type=\"text\/css\"><\/style><div class=\"fusion-title title fusion-title-1 fusion-title-text fusion-title-size-four\" style=\"margin-top:0px;margin-bottom:20px;\"><h4 class=\"title-heading-left\" style=\"margin:0;color:#80a1c8;\">Notre Engagement<\/h4><div class=\"title-sep-container\"><div class=\"title-sep sep-\" style=\"border-color:#e0dede;\"><\/div><\/div><\/div><div class=\"fusion-text\"><p style=\"font-size: 17px;\">Nous avons tous une responsabilit\u00e9 collective face au monde. Il ne peut y avoir de d\u00e9veloppement durable sans unit\u00e9 ni justice. Ces valeurs sont ancr\u00e9es au sein de l&rsquo;\u00e9quipe van Loggem\u00a0et expliquent notre engagement \u00e0 l&rsquo;\u00e9gard du :<\/p>\n<p style=\"font-size: 17px;\"><strong>Processus de Kimberley (PK)<\/strong><br \/>Nous sommes en pleine conformit\u00e9 avec l&rsquo;organisation qui a \u00e9limin\u00e9 le financement d&rsquo;armes achet\u00e9es avec les revenus des mines de diamants. Il se concentre d\u00e9sormais sur la lutte contre toutes les violations des droits humains dans les pays d&rsquo;extraction de diamants. <a href=\"https:\/\/www.kimberleyprocess.com\/en\/artisanal-and-alluvial-production-wgaap\" target=\"_blank\" rel=\"noopener noreferrer\">En savoir plus<\/a><\/p>\n<p style=\"font-size: 17px;\"><strong>D\u00e9veloppement durable et responsabilit\u00e9 sociale<\/strong><br \/>Le RJC consid\u00e8re que chaque entreprise du secteur de la joaillerie a le devoir de se comporter de mani\u00e8re s\u00fbre et responsable en mettant en \u0153uvre la certification du Code des pratiques (COP).<br \/>van Loggem est fi\u00e8re d&rsquo;avoir obtenu cette certification suite \u00e0 un audit ind\u00e9pendant dans le cadre duquel nos pratiques commerciales ont \u00e9t\u00e9 compar\u00e9es au niveau le plus \u00e9lev\u00e9 des standards \u00e9thiques, sociaux, environnementaux et relatifs aux droits humains tels que d\u00e9finis par le RJC.<\/p>\n<p style=\"font-size: 17px;\"><a href=\"https:\/\/vanloggem.ch\/wp-content\/uploads\/2025\/05\/Statement-of-Principles-14_2_25.pdf\" target=\"_blank\" rel=\"noopener noreferrer\">Lien versici notre d\u00e9claration de principes RJC<\/a><br \/><a href=\"https:\/\/vanloggem.ch\/wp-content\/uploads\/2025\/05\/Human-Rights-and-Social-Policy-14_2_25.pdf\" target=\"_blank\" rel=\"noopener noreferrer\">Lien icivers notre rapport de vigilance en mati\u00e8re de droits humains<\/a><br \/><a href=\"https:\/\/vanloggem.ch\/wp-content\/uploads\/2025\/05\/Supply-Chain-Policy_14_2_25.pdf\" target=\"_blank\" rel=\"noopener noreferrer\">Lien icivers notre politique relative \u00e0 la cha\u00eene d&rsquo;approvisionnement<\/a><br \/><a href=\"https:\/\/vanloggem.ch\/wp-content\/uploads\/2025\/05\/Supply-Chain-Due-Diligence-Reporting_14_2_25.pdf\" target=\"_blank\" rel=\"noopener noreferrer\">Lien icivers notre rapport de vigilance en mati\u00e8re de cha\u00eene d&rsquo;approvisionnement<\/a><br \/><a href=\"https:\/\/vanloggem.ch\/wp-content\/uploads\/2025\/05\/Management-Review-Meeting-14_2_25.pdf\" target=\"_blank\" rel=\"noopener noreferrer\">Lien icivers notre r\u00e9union d&rsquo;examen du syst\u00e8me de management RJC<\/a><\/p>\n<p style=\"font-size: 17px;\"><a href=\"https:\/\/responsiblejewellery.com\/member\/van-loggem-diamantenhandel-ag\/\" target=\"_blank\" rel=\"noopener noreferrer\"><strong>Plus d&rsquo;infos sur le site Internet du Responsible Jewellery Council<\/strong><\/a><br \/>Si vous souhaitez de plus amples informations sur notre programme de d\u00e9veloppement durable RJC, les diff\u00e9rentes politiques sur lesquelles notre soci\u00e9t\u00e9 a fait l&rsquo;objet d&rsquo;audits ind\u00e9pendants et notre rapport RJC actualis\u00e9 chaque ann\u00e9e, veuillez nous envoyer un courriel \u00e0 l&rsquo;adresse suivante : <a href=\"mailto:info@vanloggem.ch\">info@vanloggem.ch<\/a>.<\/p>\n<p style=\"font-size: 17px;\">N&rsquo;h\u00e9sitez pas \u00e0 nous faire part de vos commentaires ou critiques \u00e0 l&rsquo;adresse suivante : <a href=\"mailto:info@vanloggem.ch\">info@vanloggem.ch<\/a><\/p>\n<\/div>\n\n\t\t\t\t\t<\/div>\n\t\t\t\t<\/div><\/div><div class=\"fusion-clearfix\"><\/div><\/div><\/div><\/div><\/div><style type=\"text\/css\">.fusion-fullwidth.fusion-builder-row-1 a:not(.fusion-button):not(.fusion-builder-module-control):not(.fusion-social-network-icon):not(.fb-icon-element):not(.fusion-countdown-link):not(.fusion-rollover-link):not(.fusion-rollover-gallery):not(.fusion-button-bar):not(.add_to_cart_button):not(.show_details_button):not(.product_type_external):not(.fusion-quick-view):not(.fusion-rollover-title-link):not(.fusion-breadcrumb-link) , .fusion-fullwidth.fusion-builder-row-1 a:not(.fusion-button):not(.fusion-builder-module-control):not(.fusion-social-network-icon):not(.fb-icon-element):not(.fusion-countdown-link):not(.fusion-rollover-link):not(.fusion-rollover-gallery):not(.fusion-button-bar):not(.add_to_cart_button):not(.show_details_button):not(.product_type_external):not(.fusion-quick-view):not(.fusion-rollover-title-link):not(.fusion-breadcrumb-link):before, .fusion-fullwidth.fusion-builder-row-1 a:not(.fusion-button):not(.fusion-builder-module-control):not(.fusion-social-network-icon):not(.fb-icon-element):not(.fusion-countdown-link):not(.fusion-rollover-link):not(.fusion-rollover-gallery):not(.fusion-button-bar):not(.add_to_cart_button):not(.show_details_button):not(.product_type_external):not(.fusion-quick-view):not(.fusion-rollover-title-link):not(.fusion-breadcrumb-link):after {color: #80a1c8;}.fusion-fullwidth.fusion-builder-row-1 a:not(.fusion-button):not(.fusion-builder-module-control):not(.fusion-social-network-icon):not(.fb-icon-element):not(.fusion-countdown-link):not(.fusion-rollover-link):not(.fusion-rollover-gallery):not(.fusion-button-bar):not(.add_to_cart_button):not(.show_details_button):not(.product_type_external):not(.fusion-quick-view):not(.fusion-rollover-title-link):not(.fusion-breadcrumb-link):hover, .fusion-fullwidth.fusion-builder-row-1 a:not(.fusion-button):not(.fusion-builder-module-control):not(.fusion-social-network-icon):not(.fb-icon-element):not(.fusion-countdown-link):not(.fusion-rollover-link):not(.fusion-rollover-gallery):not(.fusion-button-bar):not(.add_to_cart_button):not(.show_details_button):not(.product_type_external):not(.fusion-quick-view):not(.fusion-rollover-title-link):not(.fusion-breadcrumb-link):hover:before, .fusion-fullwidth.fusion-builder-row-1 a:not(.fusion-button):not(.fusion-builder-module-control):not(.fusion-social-network-icon):not(.fb-icon-element):not(.fusion-countdown-link):not(.fusion-rollover-link):not(.fusion-rollover-gallery):not(.fusion-button-bar):not(.add_to_cart_button):not(.show_details_button):not(.product_type_external):not(.fusion-quick-view):not(.fusion-rollover-title-link):not(.fusion-breadcrumb-link):hover:after {color: #80a1c8;}.fusion-fullwidth.fusion-builder-row-1 .pagination a.inactive:hover, .fusion-fullwidth.fusion-builder-row-1 .fusion-filters .fusion-filter.fusion-active a {border-color: #80a1c8;}.fusion-fullwidth.fusion-builder-row-1 .pagination .current {border-color: #80a1c8; background-color: #80a1c8;}.fusion-fullwidth.fusion-builder-row-1 .fusion-filters .fusion-filter.fusion-active a, .fusion-fullwidth.fusion-builder-row-1 .fusion-date-and-formats .fusion-format-box, .fusion-fullwidth.fusion-builder-row-1 .fusion-popover, .fusion-fullwidth.fusion-builder-row-1 .tooltip-shortcode {color: #80a1c8;}#main .fusion-fullwidth.fusion-builder-row-1 .post .blog-shortcode-post-title a:hover {color: #80a1c8;}<\/style>\n","protected":false},"excerpt":{"rendered":"","protected":false},"author":1,"featured_media":0,"parent":0,"menu_order":0,"comment_status":"closed","ping_status":"closed","template":"100-width.php","meta":{"footnotes":""},"class_list":["post-3073","page","type-page","status-publish","hentry"],"_links":{"self":[{"href":"https:\/\/vanloggem.ch\/fr\/wp-json\/wp\/v2\/pages\/3073","targetHints":{"allow":["GET"]}}],"collection":[{"href":"https:\/\/vanloggem.ch\/fr\/wp-json\/wp\/v2\/pages"}],"about":[{"href":"https:\/\/vanloggem.ch\/fr\/wp-json\/wp\/v2\/types\/page"}],"author":[{"embeddable":true,"href":"https:\/\/vanloggem.ch\/fr\/wp-json\/wp\/v2\/users\/1"}],"replies":[{"embeddable":true,"href":"https:\/\/vanloggem.ch\/fr\/wp-json\/wp\/v2\/comments?post=3073"}],"version-history":[{"count":7,"href":"https:\/\/vanloggem.ch\/fr\/wp-json\/wp\/v2\/pages\/3073\/revisions"}],"predecessor-version":[{"id":3157,"href":"https:\/\/vanloggem.ch\/fr\/wp-json\/wp\/v2\/pages\/3073\/revisions\/3157"}],"wp:attachment":[{"href":"https:\/\/vanloggem.ch\/fr\/wp-json\/wp\/v2\/media?parent=3073"}],"curies":[{"name":"wp","href":"https:\/\/api.w.org\/{rel}","templated":true}]}}